{"id":10,"date":"2019-05-09T09:20:56","date_gmt":"2019-05-09T09:20:56","guid":{"rendered":"http:\/\/sigridbehrens.de\/?page_id=10"},"modified":"2019-06-04T11:19:40","modified_gmt":"2019-06-04T11:19:40","slug":"kontakt-impressum","status":"publish","type":"page","link":"https:\/\/sigridbehrens.de\/?page_id=10","title":{"rendered":"Kontakt\/Impressum"},"content":{"rendered":"<p><span style=\"font-size: 12pt;\"><\/span><\/p>\r\n<table style=\"width: 100%; border-collapse: collapse;\" class=\" alignleft\">\r\n<tbody>\r\n<tr>\r\n<td style=\"width: 400px; text-align: left; vertical-align: top;\">\r\n<div style=\"position: relative; left: -44px; top: -30px;\">\r\n<!-- START JS for Form ID: 193 -->\r\n<script type=\"text\/javascript\">\r\njQuery(document).ready(function($) {\r\n\r\n    jQuery(\"#preloader-derkec\").fadeOut(500, function() {\r\n        jQuery(\"#ecf-form-derkec\").fadeIn(300);\r\n    });\r\n\r\n    Ladda.bind('.ladda-button');\r\n\r\n    $(function() {\r\n\r\n        \r\n        \/* Validation *\/\r\n        $(\"#form-derkec\").validate({\r\n            \/* Rules for form validation *\/\r\n            rules: {\r\n                name0:{required: true},email1:{required: true,email: true},message2:{required: true,minlength: 10},\r\n\r\n                            },\r\n            \/* Messages for form validation *\/\r\n            messages: {\r\n                name0:{required: \"This field is required\"},email1:{required: \"This field is required\"},message2:{required: \"This field is required\"}            },\r\n            \/* Do not change code below *\/\r\n            errorPlacement: function(error, element) {\r\n                error.insertAfter(element.parent());\r\n            },\r\n\r\n            submitHandler: function(form) {\r\n                                ecf_onsubmit(jQuery('.form-derkec'));\r\n\r\n                \r\n            },\r\n\r\n            invalidHandler: function(form) {\r\n                Ladda.stopAll();\r\n            },\r\n\r\n            onkeyup: false,\r\n            onfocusout: false,\r\n            onclick: false\r\n\r\n        });\r\n    });\r\n\r\n\r\n    \/* Form Submit ( Ajax ) *\/\r\n    function ecf_onsubmit(form) {\r\n\r\n        if (form.attr('action') == '#') {\r\n\r\n            data = {};\r\n            eldat = [];\r\n            data['action'] = 'ecf_deliver_mail';\r\n            data['formid'] = '193';\r\n            data['security'] = 'cf9538a8f1';\r\n\r\n\r\n            \r\n            jQuery('input, textarea', form).each(function(key) {\r\n\r\n                items = {};\r\n\r\n                if (typeof $(this).data('type') === 'undefined') {\r\n                    return true;\r\n                }\r\n\r\n\r\n                \r\n                items['type'] = $(this).data('type');\r\n                items['label'] = $(this).data('label');\r\n                items['value'] = this.value;\r\n                items['name'] = this.name;\r\n\r\n                eldat.push(items);\r\n\r\n            });\r\n\r\n\r\n                        data['allelmnt'] = JSON.stringify(eldat);\r\n\r\n            submitForm();\r\n\r\n            return false;\r\n\r\n        }\r\n\r\n    }\r\n\r\n    \/* Start submitForm\t *\/\r\n    function submitForm() {\r\n\r\n        jQuery.ajax({\r\n            url: 'https:\/\/sigridbehrens.de\/wp-admin\/admin-ajax.php',\r\n            type: 'POST',\r\n            dataType: 'json',\r\n            data: data,\r\n            success: function(data) {\r\n\r\n                if (data.Ok == true) {\r\n\r\n                    $(\"#form-derkec\").get(0).reset();\r\n\r\n                    if (data.msg == 'redirect') {\r\n                        window.location = \"http:\/\/\";\r\n                    } else {\r\n                        notifyme('Your Message Submitted Successfully', 'n', 'success',\r\n                            'left middle');\r\n                    }\r\n\r\n                } else {\r\n                    $(\"#form-derkec\").get(0).reset();\r\n                    notifyme(data.msg, 'n', 'error', 'left middle');\r\n                }\r\n\r\n                Ladda.stopAll();\r\n\r\n            }\r\n        });\r\n\r\n        \r\n    }\r\n\r\n\r\n    \/* Notify *\/\r\n    function notifyme(msg, b, typ, pos) {\r\n        if (b == 'n') {\r\n            b = 'cf-submittedderkec';\r\n        } else {\r\n            b = 'atcderkec';\r\n        }\r\n\r\n        $(\"#\" + b).gnotify(msg, {\r\n            style: \"nbootstrap\",\r\n            elementPosition: pos,\r\n            className: typ\r\n        });\r\n\r\n        msg = null;\r\n        typ = null;\r\n\r\n    }\r\n\r\n});\r\n<\/script>\r\n<!-- END JS for Form ID: 193 -->\r\n\r\n<!-- START Form Markup for Form ID: 193 -->\r\n<div id=\"preloader-derkec\" class=\"ecfpreloader\"><\/div>\r\n<div id=\"ecf-form-derkec\" class=\"ecf-body\" style=\"display:none;\">\r\n    <form method=\"post\" enctype=\"multipart\/form-data\" action=\"#\" id=\"form-derkec\"\r\n        class=\"ecf-form form-derkec\">\r\n                <fieldset>\r\n            <section><label class=\"label\">Name<\/label><label class=\"input\"><input data-type=\"name\" data-label=\"Name\" id=\"name0\" type=\"text\" name=\"name0\" \/><\/label><\/section><section><label class=\"label\">Email<\/label><label class=\"input\"><input data-type=\"email\" data-label=\"Email\" id=\"email1\" type=\"text\" name=\"email1\" \/><\/label><\/section><section><label class=\"label\">Message<\/label><label class=\"textarea\"><textarea data-type=\"message\" data-label=\"Message\" id=\"message2\" name=\"message2\" rows=\"7\" ><\/textarea><\/label><\/section>        <\/fieldset>\r\n        <footer>\r\n            <button data-style=\"slide-down\" id=\"cf-submittedderkec\" class=\"ecfbutton ladda-button\"\r\n                type=\"submit\" name=\"cf-submittedderkec\"><span\r\n                    class=\"ladda-label\">SEND<\/span><\/button>\r\n        <\/footer>\r\n    <\/form>\r\n\r\n    \r\n<\/div>\r\n<!-- END Form Markup for Form ID: 193 -->\r\n\r\n\r\n<\/div>\r\n<\/td>\r\n<td style=\"width: 0; text-align: left; vertical-align: top;\">\r\n<p><span style=\"font-size: 12pt;\">Alle Portraits von <a href=\"http:\/\/ingaseevers.de\" target=\"_blank\" rel=\"noopener noreferrer\">Inga Seevers<\/a><\/span><\/p>\r\n<p><span style=\"font-size: 12pt;\">c\/o <span class=\"\"><a href=\"https:\/\/www.dreimaskenverlag.de\" target=\"_blank\" rel=\"noopener noreferrer\">Drei Masken Verlag<\/a> GmbH<\/span><br class=\"\" \/><span class=\"\">Herzog-Heinrich-Stra\u00dfe 18<\/span><br class=\"\" \/><span class=\"\">80336 M\u00fcnchen<\/span><\/span><\/p>\r\n<p><span style=\"font-size: 12pt;\">\r\n\r\n<\/span><\/p>\r\n<p><span style=\"font-size: 12pt;\"><strong>Haftungshinweis<\/strong><\/span><br \/><span style=\"font-size: 12pt;\">Trotz sorgf\u00e4ltiger inhaltlicher Kontrolle \u00fcbernehmen wir keine Haftung f\u00fcr die Inhalte externer Links.<\/span><br \/><span style=\"font-size: 12pt;\">F\u00fcr den Inhalt der verlinkten Seiten sind ausschlie\u00df\u009flich deren Betreiber verantwortlich.<\/span><\/p>\r\n<\/td>\r\n<\/tr>\r\n<\/tbody>\r\n<\/table>\r\n<p>&nbsp;<\/p>\r\n<p><span style=\"font-size: 12pt;\"><\/span><\/p>","protected":false},"excerpt":{"rendered":"<p>Alle Portraits von Inga Seevers c\/o Drei Masken Verlag GmbHHerzog-Heinrich-Stra\u00dfe 1880336 M\u00fcnchen HaftungshinweisTrotz sorgf\u00e4ltiger inhaltlicher Kontrolle \u00fcbernehmen wir keine Haftung f\u00fcr die Inhalte externer Links.F\u00fcr den Inhalt der verlinkten Seiten sind ausschlie\u00df\u009flich deren Betreiber verantwortlich. &nbsp;<\/p>\n","protected":false},"author":1,"featured_media":122,"parent":0,"menu_order":0,"comment_status":"closed","ping_status":"closed","template":"","meta":[],"_links":{"self":[{"href":"https:\/\/sigridbehrens.de\/index.php?rest_route=\/wp\/v2\/pages\/10"}],"collection":[{"href":"https:\/\/sigridbehrens.de\/index.php?rest_route=\/wp\/v2\/pages"}],"about":[{"href":"https:\/\/sigridbehrens.de\/index.php?rest_route=\/wp\/v2\/types\/page"}],"author":[{"embeddable":true,"href":"https:\/\/sigridbehrens.de\/index.php?rest_route=\/wp\/v2\/users\/1"}],"replies":[{"embeddable":true,"href":"https:\/\/sigridbehrens.de\/index.php?rest_route=%2Fwp%2Fv2%2Fcomments&post=10"}],"version-history":[{"count":25,"href":"https:\/\/sigridbehrens.de\/index.php?rest_route=\/wp\/v2\/pages\/10\/revisions"}],"predecessor-version":[{"id":226,"href":"https:\/\/sigridbehrens.de\/index.php?rest_route=\/wp\/v2\/pages\/10\/revisions\/226"}],"wp:featuredmedia":[{"embeddable":true,"href":"https:\/\/sigridbehrens.de\/index.php?rest_route=\/wp\/v2\/media\/122"}],"wp:attachment":[{"href":"https:\/\/sigridbehrens.de\/index.php?rest_route=%2Fwp%2Fv2%2Fmedia&parent=10"}],"curies":[{"name":"wp","href":"https:\/\/api.w.org\/{rel}","templated":true}]}}