{"id":4,"date":"2019-05-09T09:17:59","date_gmt":"2019-05-09T09:17:59","guid":{"rendered":"http:\/\/sigridbehrens.de\/?page_id=4"},"modified":"2026-02-16T20:11:24","modified_gmt":"2026-02-16T20:11:24","slug":"aktuelles","status":"publish","type":"page","link":"https:\/\/sigridbehrens.de\/","title":{"rendered":"Aktuelles"},"content":{"rendered":"<p><\/p>\r\n<p>&nbsp;<\/p>\r\n<p><img decoding=\"async\" loading=\"lazy\" src=\"https:\/\/sigridbehrens.de\/wp-content\/uploads\/2026\/02\/Hotel_Sprelacart_Logo-300x143.png\" alt=\"\" width=\"821\" height=\"391\" class=\"alignnone  wp-image-645\" srcset=\"https:\/\/sigridbehrens.de\/wp-content\/uploads\/2026\/02\/Hotel_Sprelacart_Logo-300x143.png 300w, https:\/\/sigridbehrens.de\/wp-content\/uploads\/2026\/02\/Hotel_Sprelacart_Logo-1024x487.png 1024w, https:\/\/sigridbehrens.de\/wp-content\/uploads\/2026\/02\/Hotel_Sprelacart_Logo-768x365.png 768w, https:\/\/sigridbehrens.de\/wp-content\/uploads\/2026\/02\/Hotel_Sprelacart_Logo-1536x730.png 1536w, https:\/\/sigridbehrens.de\/wp-content\/uploads\/2026\/02\/Hotel_Sprelacart_Logo-2048x974.png 2048w\" sizes=\"(max-width: 821px) 100vw, 821px\" \/><\/p>\r\n<p style=\"text-align: right;\"><a href=\"https:\/\/www.henningchristiansen.de\" target=\"_blank\" rel=\"noopener\"><span style=\"font-size: 10pt;\">Logo \u00a9 Henning Christiansen<\/span><\/a><\/p>\r\n<p><strong><a href=\"https:\/\/fuxlab.org\/event\/kunstharz-beste-texte-aus-laufender-arbeit\/\" target=\"_blank\" rel=\"noopener\">HOTEL SPRELACART<\/a><span><br \/><\/span><\/strong><em><span style=\"font-size: 12pt;\">Das F<a href=\"https:\/\/www.forum-hamburger-autoren.de\" target=\"_blank\" rel=\"noopener\">orum Hamburger Autorinnen und Autoren<\/a>, bekannt aus Flurfunk und Fernlekt\u00fcre (und seit nun \u00fcber 35 J<i class=\"\">ahren nicht mehr aus der Hamburger Literaturlandschaft wegzudenken), f\u00e4hrt mit einer neuen Lesereihe auf \u2013 HOTEL SPRELACART. Der Name der Reihe ist Programm: Wechselnde Autor*innen des Kollektivs versammeln sich in der Lobby eines Hotels, bei dem es sich selbstredend nicht um irgendeines handelt sondern um DIE Absteige der schreibenden Zunft, und warten darauf, dass das silberne Telefon klingelt. Wer wird sie anrufen \u2013 der Verlag ihrer Tr\u00e4ume, die Welthaltigkeit ihrer Geschichten oder ihre Hauptfigur? Gibt es ein Leben jenseits des Textes? Und wenn ja: Was sagt die\/der Concierge dazu? Um sich die Zeit zu vertreiben, lesen die drei Schreibenden aus ihrer laufenden Produktion. Und wissen zum Gl\u00fcck immer, wo die Musik spielt: genau in ihrer Mitte.\u00a0<\/i><\/span><\/em><span><strong><span style=\"font-size: medium;\"><\/span><\/strong><\/span><\/p>\r\n<p><i class=\"\"><span style=\"font-size: 12pt;\">Den Auftakt machten am 5.02.26 die Autorinnen Sarah Knausenberger, Johanna Sarah Schmidt und Silke Stamm, Musik kam von Emilia Stamm. Moderiert wurde der Abend vom Autor Andreas M\u00fcnzner. \u00c4hnlichkeiten mit dem Concierge waren rein zuf\u00e4lliger Natur.<\/span><\/i><\/p>\r\n<p><span style=\"font-size: 12pt;\">Weitere Termine mit weiteren Forums-Autor*innen am <strong><br \/><\/strong><\/span><strong><span style=\"font-size: 12pt;\">Do. 7.05. (HOTEL SPRELACART II) <br \/><\/span><span style=\"font-size: 12pt;\">Do. 3.09. (HOTEL SPRELACART III) sowie <br \/>Do. 5.11.2026 (HOTEL SPRELACART IV) <br \/><\/span><\/strong><span style=\"font-size: 12pt;\"><strong><span style=\"font-size: medium;\">jeweils 19h30 \/\/ <a href=\"https:\/\/fuxlab.org\" target=\"_blank\" rel=\"noopener\">fuxLAB<\/a> \/\/ Bodenstedtstra\u00dfe 16, 22765 Hamburg\u00a0<\/span><\/strong><\/span><span style=\"font-size: 12pt;\"><\/span><\/p>\r\n<p><span style=\"font-size: 12pt;\">Gef\u00f6rdert von der Kulturbeh\u00f6rde der freien und Hansestadt Hamburg<\/span><\/p>\r\n<p>&nbsp;<\/p>\r\n<p><strong><a href=\"https:\/\/dreimaskenverlag.de\/titel\/anfall-und-ente\" target=\"_blank\" rel=\"noopener\">ANFALL UND ENTE<\/a> (5+)<span><br \/><\/span><\/strong><span><a href=\"https:\/\/schlosstheater-moers.de\/#anfall-und-ente\" target=\"_blank\" style=\"font-size: medium;\" rel=\"noopener\">Schlosstheater Moers<\/a><span style=\"font-size: medium;\"> \u00a0<\/span><span style=\"font-size: medium;\"><strong><span style=\"font-size: 14pt;\"><\/span><br \/><\/strong><\/span><strong><span style=\"font-size: medium;\">Premiere \u00a0Do. 27.11.2025, 9h \/\/ Bollwerk 107 <\/span><\/strong><span style=\"font-size: medium;\">(Zum Bollwerk 107, 47443\u00a0<\/span><\/span><span style=\"font-size: medium;\">Moers)<\/span><\/p>\r\n<p><span style=\"font-size: 12pt;\">\r\n\r\n<\/span><\/p>\r\n<p>&nbsp;<\/p>\r\n<p><span style=\"font-size: 12pt;\"><strong>\u00a0<\/strong><\/span><\/p>\r\n<p><span><strong><span style=\"font-size: 14pt;\"><a href=\"https:\/\/www.minimaltrashart.de\" target=\"_blank\" rel=\"noopener\">GUTE MENSCHEN<\/a>\u00a0<\/span><br \/><\/strong><\/span><span><span style=\"font-size: medium;\">Roman, <\/span><a href=\"https:\/\/www.minimaltrashart.de\" target=\"_blank\" rel=\"noopener\" style=\"font-size: 12pt;\">Minimal Trash Art\u00a0(mta)<\/a><span style=\"font-size: medium;\">. Hardcover, 180 Seiten, \u20ac 18,- \/ Erscheinungstermin: 1.10.2022 \u00a0<\/span><span style=\"font-size: 12pt;\"><br \/><\/span><span style=\"font-size: medium;\">&gt;&gt; hier geht es zum\u00a0<\/span><a href=\"https:\/\/www.youtube.com\/watch?v=Z7lkBgmGTfk\" target=\"_blank\" rel=\"noopener\" style=\"font-size: 12pt;\">Trailer<\/a><span style=\"font-size: medium;\"> von Gerrit J\u00f6ns-Anders<\/span><span style=\"font-size: 12pt;\"><strong><br \/><\/strong>&gt;&gt; hier geht es zu den <strong>Besprechungen<\/strong> des Romans von<\/span><span style=\"font-size: medium;\">\u00a0<a href=\"https:\/\/www.literaturinhamburg.de\/Artikel\/Sigrid_Behrens_Gute_Menschen.php\" target=\"_blank\" rel=\"noopener\">J\u00fcrgen Abel (Literatur in Hamburg)<\/a>, <a href=\"https:\/\/www.abendblatt.de\/kultur-live\/kritiken\/article237196913\/buchtipp-eben-war-bei-diesem-paar-noch-alles-gut-geschenkidee-hamburg.html\" target=\"_blank\" rel=\"noopener\">Maike Schiller (Hamburger Abendblatt)<\/a> und <a href=\"https:\/\/dschungel-anderswelt.de\" target=\"_blank\" rel=\"noopener\">Alban Nikolai Herbst<\/a> <a href=\"https:\/\/faustkultur.de\/literatur-buchkritik\/poetik-der-scham\/\" target=\"_blank\" rel=\"noopener\">(Faustkultur) <\/a>\u00a0\u00a0<br \/><\/span><a href=\"https:\/\/hamburger-literaturpreise.literaturinhamburg.de\" target=\"_blank\" rel=\"noopener\" style=\"font-size: 12pt;\"><strong><span style=\"font-size: medium;\">nominiert f\u00fcr den Hamburger Literaturpreis, Kategorie \u00abBuch des Jahres\u00bb 2023<\/span><\/strong><\/a><span style=\"font-size: medium;\">\u00a0<\/span><br \/><strong style=\"font-size: 12pt;\"><span style=\"font-size: medium;\">im Gespr\u00e4ch<\/span><\/strong><span style=\"font-size: medium;\"> <\/span><span style=\"font-size: medium;\"><strong>bei ByteFM [\u00ab<\/strong><\/span><strong style=\"font-size: 12pt;\"><span style=\"font-size: medium;\"><a href=\"https:\/\/www.byte.fm\/sendungen\/stadtmagazin\/2024-02-09\/07\/sigrid-behrens-autorin-zu-gast\/?player=hh\" target=\"_blank\" rel=\"noopener\">StadtMagazin<\/a><\/span><\/strong><span style=\"font-size: medium;\"><strong>\u00bb mit <a href=\"http:\/\/www.nilslagoda.de\" target=\"_blank\" rel=\"noopener\">Nils Lagoda<\/a>]:<\/strong> live am <\/span><strong style=\"font-size: 12pt;\"><span style=\"font-size: medium;\"><a href=\"https:\/\/www.byte.fm\/sendungen\/stadtmagazin\/2024-02-09\/07\/sigrid-behrens-autorin-zu-gast\/?player=hh\" target=\"_blank\" rel=\"noopener\">Fr. 9.02.24, ab 7h <\/a><\/span><\/strong><span style=\"font-size: medium;\">auf 91,7 und 104 MHz \/ \u00a0<\/span><\/span><\/p>\r\n<p><span style=\"font-size: 10pt;\"><img decoding=\"async\" loading=\"lazy\" src=\"https:\/\/sigridbehrens.de\/wp-content\/uploads\/2022\/09\/IMG_6331-300x225.jpg\" alt=\"\" width=\"984\" height=\"738\" class=\"alignnone  wp-image-477\" srcset=\"https:\/\/sigridbehrens.de\/wp-content\/uploads\/2022\/09\/IMG_6331-300x225.jpg 300w, https:\/\/sigridbehrens.de\/wp-content\/uploads\/2022\/09\/IMG_6331-1024x768.jpg 1024w, https:\/\/sigridbehrens.de\/wp-content\/uploads\/2022\/09\/IMG_6331-768x576.jpg 768w, https:\/\/sigridbehrens.de\/wp-content\/uploads\/2022\/09\/IMG_6331-1536x1152.jpg 1536w, https:\/\/sigridbehrens.de\/wp-content\/uploads\/2022\/09\/IMG_6331.jpg 2016w\" sizes=\"(max-width: 984px) 100vw, 984px\" \/><\/span><\/p>\r\n<p>&nbsp;<\/p>\r\n<p>&nbsp;<\/p>\r\n<p>&nbsp;<\/p>\r\n<p>&nbsp;<\/p>\r\n<p><span style=\"font-size: 12pt;\">\r\n\r\n<\/span><\/p>\r\n<p><span style=\"font-size: 12pt;\">\r\n\r\n<\/span><\/p>\r\n<p><span style=\"font-size: 12pt;\">\r\n\r\n<\/span><\/p>\r\n<p>&nbsp;<\/p>\r\n<p><span style=\"font-size: 12pt;\"><\/span><\/p>","protected":false},"excerpt":{"rendered":"<p>&nbsp; Logo \u00a9 Henning Christiansen HOTEL SPRELACARTDas Forum Hamburger Autorinnen und Autoren, bekannt aus Flurfunk und Fernlekt\u00fcre (und seit nun \u00fcber 35 Jahren nicht mehr aus der Hamburger Literaturlandschaft wegzudenken), f\u00e4hrt mit einer neuen Lesereihe auf \u2013 HOTEL SPRELACART. Der Name der Reihe ist Programm: Wechselnde Autor*innen des Kollektivs versammeln [&hellip;]<\/p>\n","protected":false},"author":1,"featured_media":215,"parent":0,"menu_order":0,"comment_status":"closed","ping_status":"closed","template":"page-templates\/template-fullwidth.php","meta":[],"_links":{"self":[{"href":"https:\/\/sigridbehrens.de\/index.php?rest_route=\/wp\/v2\/pages\/4"}],"collection":[{"href":"https:\/\/sigridbehrens.de\/index.php?rest_route=\/wp\/v2\/pages"}],"about":[{"href":"https:\/\/sigridbehrens.de\/index.php?rest_route=\/wp\/v2\/types\/page"}],"author":[{"embeddable":true,"href":"https:\/\/sigridbehrens.de\/index.php?rest_route=\/wp\/v2\/users\/1"}],"replies":[{"embeddable":true,"href":"https:\/\/sigridbehrens.de\/index.php?rest_route=%2Fwp%2Fv2%2Fcomments&post=4"}],"version-history":[{"count":183,"href":"https:\/\/sigridbehrens.de\/index.php?rest_route=\/wp\/v2\/pages\/4\/revisions"}],"predecessor-version":[{"id":654,"href":"https:\/\/sigridbehrens.de\/index.php?rest_route=\/wp\/v2\/pages\/4\/revisions\/654"}],"wp:featuredmedia":[{"embeddable":true,"href":"https:\/\/sigridbehrens.de\/index.php?rest_route=\/wp\/v2\/media\/215"}],"wp:attachment":[{"href":"https:\/\/sigridbehrens.de\/index.php?rest_route=%2Fwp%2Fv2%2Fmedia&parent=4"}],"curies":[{"name":"wp","href":"https:\/\/api.w.org\/{rel}","templated":true}]}}