{"id":54,"date":"2019-05-21T10:22:45","date_gmt":"2019-05-21T10:22:45","guid":{"rendered":"http:\/\/sigridbehrens.de\/?page_id=54"},"modified":"2024-01-05T19:11:37","modified_gmt":"2024-01-05T19:11:37","slug":"prosa","status":"publish","type":"page","link":"https:\/\/sigridbehrens.de\/?page_id=54","title":{"rendered":"Ver\u00f6ffentlichungen"},"content":{"rendered":"<table style=\"border-collapse: collapse; width: 100%;\">\n<tbody>\n<tr>\n<td style=\"width: 25%; padding-top: 20px; padding-right: 20px; text-align: left; vertical-align: top;\"><img decoding=\"async\" loading=\"lazy\" src=\"https:\/\/sigridbehrens.de\/wp-content\/uploads\/2023\/01\/Gute-Menschen-Buch-185x300.jpg\" alt=\"\" width=\"184\" height=\"298\" class=\"alignnone wp-image-508\" data-wp-editing=\"1\" srcset=\"https:\/\/sigridbehrens.de\/wp-content\/uploads\/2023\/01\/Gute-Menschen-Buch-185x300.jpg 185w, https:\/\/sigridbehrens.de\/wp-content\/uploads\/2023\/01\/Gute-Menschen-Buch.jpg 600w\" sizes=\"(max-width: 184px) 100vw, 184px\" \/><\/p>\n<p><span style=\"font-size: 12pt;\"><a target=\"_blank\" href=\"https:\/\/www.buchhandlung-finden.de\/suche\" rel=\"noopener noreferrer\">Buch bestellen<\/a><\/span><\/td>\n<td style=\"width: 75%; text-align: left; vertical-align: top;\"><span style=\"font-size: 12pt;\"><b class=\"\">Gute Menschen<\/b><\/span><br \/>\n<span style=\"font-size: 12pt;\"><span><a href=\"https:\/\/www.minimaltrashart.de\" target=\"_blank\" rel=\"noopener\">Minimal Trash Art (MTA)<\/a>, 2022, Hardcover,\u00a0<\/span><\/span><span style=\"font-size: 12pt;\"><span>180 Seiten.<\/span><br \/>\nEine Frau geht. Sie verl\u00e4sst die jugendlichen Kinder, den loyalen Ehemann, das sch\u00f6ne Haus, das sie \u00fcber Jahre hinweg gestaltet hat, die liebenden Familien und den innig verbundenen Freundeskreis. Sie verl\u00e4sst eine Idylle, sie bricht ins Ungewisse auf. Warum? Wof\u00fcr?<\/span><br class=\"\" \/><span style=\"font-size: 12pt;\">Vor dem Tableau der Fl\u00fcchtlingskrise von 2015 und des hingebungsvollen Engagements unz\u00e4hliger \u201eGuter Menschen\u201c f\u00fcr Gefl\u00fcchtete, erz\u00e4hlt Sigrid Behrens im kristallklaren Fluss ihrer ern\u00fcchterten Sprache von einem G\u00e4rungsprozess in einem bestimmten sozialen Milieu, von einer Frau, die sich verlieren muss, die alles hinter sich l\u00e4sst, was ihr Identit\u00e4t bedeutet, die sich an allem und allen schuldig macht, um endlich ganz frei von Schuld zu sein.<\/span><br class=\"\" \/><span style=\"font-size: 12pt;\">Das schl\u00e4gt in den Bann, am Ende steht man mit Claire Sander am Rande des Bekannten, fassungslos.<\/span><\/td>\n<\/tr>\n<\/tbody>\n<\/table>\n<table style=\"border-collapse: collapse; width: 100%;\">\n<tbody>\n<tr>\n<td style=\"width: 25%; padding-top: 20px; padding-right: 20px; text-align: left; vertical-align: top;\"><img decoding=\"async\" loading=\"lazy\" src=\"https:\/\/sigridbehrens.de\/wp-content\/uploads\/2019\/05\/Diskrete_Momente-182x300.jpg\" alt=\"\" width=\"182\" height=\"300\" \/><\/p>\n<p><span style=\"font-size: 12pt;\"> <a target=\"_blank\" href=\"http:\/\/www.amazon.de\/Diskrete-Momente-Sigrid-Behrens\/dp\/3446208151\/ref=pd_bbs_sr_1\/303-6912489-8549801?ie=UTF8&amp;s=books&amp;qid=1180005047&amp;sr=8-1\" rel=\"noopener noreferrer\">Buch bestellen<\/a><\/span><\/td>\n<td style=\"width: 75%; text-align: left; vertical-align: top;\"><span style=\"font-size: 12pt;\"><strong>Diskrete Momente<\/strong><\/span><br \/>\n<span style=\"font-size: 12pt;\"><a href=\"http:\/\/www.hanser.de\" target=\"_blank\" rel=\"noopener noreferrer\">Hanser Verlag<\/a> 2007, gebunden,\u00a0156 Seiten.<br \/>\n<\/span><span style=\"font-size: 12pt;\">Nacht in der Gro\u00dfstadt. Ein H\u00e4userblock, manche Fenster erleuchtet, manche dunkel wie die sie umgebende Nacht. Wer lebt in diesem Haus? Wer sind die Menschen, die jetzt schlafen?<br \/>\n\u00bbSigrid Behrens erz\u00e4hlt in diesem virtuosen Buch Lebens- und Liebesgeschich-ten: von Karl, der an seine verlorene Liebe denkt, von Helene, die schlaflos neben ihrem Mann liegt und ihr Leben an sich vorbeiziehen l\u00e4sst, von dem Kind in seinem Bett mit all seinen Tr\u00e4umen und \u00c4ngsten. Die Geschichten bieten einen tiefen Blick in die Lebensl\u00e4ufe von Menschen, die nur scheinbar beziehungslos voneinander existieren.\u00ab<\/span><\/td>\n<\/tr>\n<\/tbody>\n<\/table>\n<p>&nbsp;<\/p>\n<p><span style=\"font-size: 12pt;\">\u00a0 <\/span><\/p>\n<p><span style=\"font-size: 12pt;\">\u00a0 Texte in Anthologien:<\/span><\/p>\n<table style=\"border-collapse: collapse; width: 100%;\">\n<tbody>\n<tr>\n<td style=\"width: 50%; text-align: left; vertical-align: top;\"><span style=\"font-size: 12pt;\"><b class=\"\">Unsere magische Phase<\/b><\/span><br \/>\n<span style=\"font-size: 12pt;\">(Auszug)<\/span><br \/>\n<span style=\"font-size: 12pt;\">in <i class=\"\">ZIEGEL #17, Hamburger Jahrbuch f\u00fcr Literatur 2021<br \/>\n<\/i><\/span><span style=\"font-size: 12pt;\"><a href=\"https:\/\/www.mairisch.de\/programm\/ziegel-17-das-hamburger-jahrbuch-f\u00fcr-literatur-2021\/\" target=\"_blank\" rel=\"noopener\">Mairisch Verlag \u00a0<\/a>2021 <\/span><\/td>\n<td style=\"width: 50%;\"><img decoding=\"async\" loading=\"lazy\" src=\"https:\/\/sigridbehrens.de\/wp-content\/uploads\/2023\/01\/Ziegel-215x300.jpg\" alt=\"\" width=\"128\" height=\"178\" class=\"alignnone wp-image-509\" srcset=\"https:\/\/sigridbehrens.de\/wp-content\/uploads\/2023\/01\/Ziegel-215x300.jpg 215w, https:\/\/sigridbehrens.de\/wp-content\/uploads\/2023\/01\/Ziegel.jpg 646w\" sizes=\"(max-width: 128px) 100vw, 128px\" \/><\/td>\n<\/tr>\n<tr><\/tr>\n<tr>\n<td style=\"width: 50%; text-align: left; vertical-align: top;\"><span style=\"font-size: 12pt;\"><b class=\"\">Untergrund (Graumarktwerte) <\/b><\/span><br \/>\n<span style=\"font-size: 12pt;\">(Auszug)\u00a0<\/span><br \/>\n<span style=\"font-size: 12pt;\"><\/span><span style=\"font-size: 12pt;\">in<i class=\"\"> tau \u2013 Zeitschrift f\u00fcr Literatur\u00a0<\/i><\/span><br \/>\n<span style=\"font-size: 12pt;\"><\/span><span style=\"font-size: 12pt;\">Heft 2\/2018<strong><em><\/em><\/strong><\/span><\/td>\n<td style=\"width: 50%;\"><img decoding=\"async\" loading=\"lazy\" src=\"https:\/\/sigridbehrens.de\/wp-content\/uploads\/2019\/05\/Wertekind-1.jpg\" alt=\"\" width=\"129\" height=\"200\" class=\"alignnone size-full wp-image-298\" \/><\/td>\n<\/tr>\n<tr>\n<td style=\"width: 50%; text-align: left; vertical-align: top;\"><span style=\"font-size: 12pt;\"><b class=\"\">Anfall und Ente\u00a0<\/b><\/span><br \/>\n<span style=\"font-size: 12pt;\">ein St\u00fcck f\u00fcr Kinder ab 5 Jahren<\/span><br \/>\n<span style=\"font-size: 12pt;\">in <i class=\"\"><em>SPIELPLATZ \u00a0<\/em><\/i>Nr. 30\u00a0<\/span><br \/>\n<span style=\"font-size: 12pt;\"><a href=\"http:\/\/www.verlagderautoren.de\/buchverlag\/buch-shop\/buch.html?book=9306\" target=\"_blank\" rel=\"noopener noreferrer\">Verlag der Autoren \u00a0<\/a>2017<\/span><span style=\"font-size: 12pt;\"> <\/span><\/td>\n<td style=\"width: 50%;\"><img decoding=\"async\" loading=\"lazy\" src=\"https:\/\/sigridbehrens.de\/wp-content\/uploads\/2019\/05\/Spielplatz30-1.jpg\" alt=\"\" width=\"124\" height=\"201\" class=\"alignnone size-full wp-image-244\" \/><\/td>\n<\/tr>\n<tr>\n<td style=\"width: 50%; text-align: left; vertical-align: top;\"><span style=\"font-size: 12pt;\"><strong>Dorle J\u00fcnger nimmt Anlauf und steht\u00a0<\/strong><strong><br \/>\n<\/strong>(Auszug)\u00a0<strong><br \/>\n<\/strong>in\u00a0<em>Aufger\u00e4umt \u2013 25 Jahre Forum Hamburger Autorinnen und Autoren<\/em><strong><br \/>\n<\/strong><a href=\"http:\/\/www.textem.de\/index.php?id=2634\" target=\"_blank\" rel=\"noopener noreferrer\">Textem Verlag<\/a>\u00a0\u00a02014\u00a0<strong><br \/>\n<\/strong><\/span><\/td>\n<td style=\"width: 50%;\"><img decoding=\"async\" loading=\"lazy\" src=\"https:\/\/sigridbehrens.de\/wp-content\/uploads\/2019\/05\/Aufger\u00e4umt.jpg\" alt=\"\" width=\"121\" height=\"199\" class=\"alignnone size-full wp-image-230\" \/><\/td>\n<\/tr>\n<tr>\n<td style=\"width: 50%; text-align: left; vertical-align: top;\"><span style=\"font-size: 12pt;\"><strong><b>Als Ruth Vostell das Gl\u00fcck verlie\u00df<\/b> <\/strong><strong><br \/>\n<\/strong>(Auszug)\u00a0<strong><br \/>\n<\/strong>in <i>Wahrheiten aus T\u00e4uschland<\/i><em>\u00a0\u2013 <i>22. Jahrbuch des Forums Hamburger Autorinnen und Autoren<\/i> <\/em><strong><br \/>\n<\/strong><a href=\"http:\/\/www.textem-verlag.de\/\" target=\"_blank\" rel=\"noopener noreferrer\">Textem Verlag \u00a0<\/a>2012<\/span><span style=\"font-size: 12pt;\"> <\/span><\/td>\n<td style=\"width: 50%;\"><img decoding=\"async\" loading=\"lazy\" src=\"https:\/\/sigridbehrens.de\/wp-content\/uploads\/2019\/05\/Wahrheiten.jpg\" alt=\"\" width=\"123\" height=\"200\" class=\"alignnone size-full wp-image-246\" \/><\/td>\n<\/tr>\n<tr>\n<td style=\"width: 50%; text-align: left; vertical-align: top;\"><span style=\"font-size: 12pt;\"><strong>Aus den Aufzeichnungen der Heinrike Voss <\/strong><strong><br \/>\n<\/strong>in <i>Wer kann f\u00fcr b\u00f6se Tr\u00e4ume \u2013 The Secret Grimm Files<\/i><em>\u00a0<\/em><strong><br \/>\n<\/strong><a href=\"http:\/\/www.das-wilde-dutzend.de\/\" target=\"_blank\" rel=\"noopener noreferrer\">Verlag Das Wilde Dutzend<\/a>\u00a0 2012<br \/>\n<\/span><span style=\"font-size: 12pt;\"> <\/span><\/td>\n<td style=\"width: 50%;\"><img decoding=\"async\" loading=\"lazy\" src=\"https:\/\/sigridbehrens.de\/wp-content\/uploads\/2019\/05\/B\u00f6se-Tr\u00e4ume.jpg\" alt=\"\" width=\"139\" height=\"200\" class=\"alignnone size-full wp-image-249\" \/><\/td>\n<\/tr>\n<tr>\n<td style=\"width: 50%; text-align: left; vertical-align: top;\"><span style=\"font-size: 12pt;\"><strong><b>H\u00f6rensagen<\/b> <\/strong><strong><br \/>\n<\/strong>(Auszug)\u00a0<strong><br \/>\n<\/strong>in <i>Neuerdings wei\u00df ich viel mehr<\/i><em>\u00a0\u2013 <i>21. Jahrbuch des Forums Hamburger Autorinnen und Autoren<\/i> <\/em><strong><br \/>\n<\/strong><a href=\"http:\/\/www.textem.de\/index.php?id=2634\" target=\"_blank\" rel=\"noopener noreferrer\">Textem Verlag<\/a>\u00a0 2010<\/span><span style=\"font-size: 12pt;\"> <\/span><\/td>\n<td style=\"width: 50%;\"><img decoding=\"async\" loading=\"lazy\" src=\"https:\/\/sigridbehrens.de\/wp-content\/uploads\/2019\/05\/Neuerdings.jpg\" alt=\"\" width=\"124\" height=\"200\" class=\"alignnone size-full wp-image-248\" \/><\/td>\n<\/tr>\n<tr>\n<td style=\"width: 50%; text-align: left; vertical-align: top;\"><span style=\"font-size: 12pt;\"><strong>Innere Grotte\u00a0<\/strong><strong><br \/>\n<\/strong>in <i>An einem anderen Ort. Geschichten vom Reisen <\/i>Hrsg. Uwe-Michael Gutzschhahn <strong>\u00a0<\/strong><strong><br \/>\n<\/strong><a href=\"http:\/\/www.reihehanser.de\">dtv\/ Reihe Hanser<\/a>, M\u00fcnchen 2007\u00a0sowie auf der gleichnamigen CD von <a href=\"http:\/\/www.goyalit.de\">GoyaLit<\/a>\/ JUMBO Neue Medien und Verlag GmbH, Hamburg 2007<br \/>\n<\/span><span style=\"font-size: 12pt;\"><i><\/i><\/span><span style=\"font-size: 12pt;\"> <\/span><\/td>\n<td style=\"width: 50%; text-align: left; vertical-align: top;\">&nbsp;<\/p>\n<p><img decoding=\"async\" loading=\"lazy\" src=\"https:\/\/sigridbehrens.de\/wp-content\/uploads\/2019\/05\/An-einem-anderen-Ort.jpg\" alt=\"\" width=\"126\" height=\"200\" class=\"alignnone size-full wp-image-253\" \/><\/td>\n<\/tr>\n<tr>\n<td style=\"width: 50%; text-align: left; vertical-align: top;\"><span><strong style=\"font-size: 12pt;\">An sich\u00a0<\/strong><strong style=\"font-size: 12pt;\"><br \/>\n<\/strong><span style=\"font-size: medium;\">in <\/span><i style=\"font-size: 12pt;\">Volltext \u00a0<\/i><span style=\"font-size: 12pt;\">Nr. 2<i>, <\/i><\/span><span style=\"font-size: medium;\">Wien 2006, sowie in\u00a0<\/span><strong style=\"font-size: 12pt;\"><br \/>\n<\/strong><i style=\"font-size: 12pt;\">Schreiben, das geht, aber Lesen, das halte ich nicht aus \u2013<\/i> <i style=\"font-size: 12pt;\">20. Jahrbuch des Forums Hamburger Autorinnen und\u00a0<\/i><span style=\"font-size: medium;\"><i>Autoren<\/i><\/span><i style=\"font-size: 12pt;\">\u00a0<\/i><span style=\"font-size: medium;\">\u00a0<\/span><strong style=\"font-size: 12pt;\"><br \/>\n<\/strong><a href=\"http:\/\/www.reihehanser.de\/\" target=\"_blank\" rel=\"noopener noreferrer\" style=\"font-size: 12pt;\"><\/a><span style=\"font-size: 12pt;\"><a href=\"http:\/\/www.textem-verlag.de\/\" target=\"_blank\" rel=\"noopener noreferrer\">Textem Verlag<\/a> 2009 <\/span><\/span><\/td>\n<td style=\"width: 50%;\"><img decoding=\"async\" loading=\"lazy\" src=\"https:\/\/sigridbehrens.de\/wp-content\/uploads\/2019\/05\/Autoren-20.jpg\" alt=\"\" width=\"123\" height=\"200\" class=\"alignnone size-full wp-image-251\" \/><\/td>\n<\/tr>\n<tr>\n<td style=\"width: 50%; text-align: left; vertical-align: top;\"><span><strong style=\"font-size: 12pt;\">retour\u00a0<\/strong><strong style=\"font-size: 12pt;\"><br \/>\n<\/strong><span style=\"font-size: medium;\">in <\/span><i style=\"font-size: 12pt;\"><\/i><\/span><span style=\"font-size: 12pt;\"><i>AKZENTE \u00a0<\/i>Nr. 3, M\u00fcnchen 2005<\/span><span style=\"font-size: 12pt;\"> <\/span><\/td>\n<td style=\"width: 50%;\"><img decoding=\"async\" loading=\"lazy\" src=\"https:\/\/sigridbehrens.de\/wp-content\/uploads\/2019\/05\/Akzente.jpg\" alt=\"\" width=\"128\" height=\"199\" class=\"alignnone size-full wp-image-239\" \/><\/td>\n<\/tr>\n<tr>\n<td style=\"width: 50%; text-align: left; vertical-align: top;\"><span><strong style=\"font-size: 12pt;\">Frau Simon\u00a0<\/strong><strong style=\"font-size: 12pt;\"><br \/>\n<\/strong><span style=\"font-size: medium;\">in <\/span><i style=\"font-size: 12pt;\"><\/i><\/span><span style=\"font-size: 12pt;\"><i><\/i><\/span><span style=\"font-size: 12pt;\"><i>Hamburger Ziegel \u2013 Jahrbuch f\u00fcr Literatur 9 (2004\/5)<span style=\"font-size: medium;\">, <span><strong style=\"font-size: 12pt;\"><strong><br \/>\n<\/strong><\/strong><\/span><\/span><\/i><span style=\"font-size: medium;\">Hamburg 2005<\/span><\/span><span style=\"font-size: 12pt;\"><\/span><\/td>\n<td style=\"width: 50%;\"><img decoding=\"async\" loading=\"lazy\" src=\"https:\/\/sigridbehrens.de\/wp-content\/uploads\/2019\/05\/Ziegel.jpg\" alt=\"\" width=\"123\" height=\"199\" class=\"alignnone size-full wp-image-240\" \/><\/td>\n<\/tr>\n<tr>\n<td style=\"width: 50%; text-align: left; vertical-align: top;\"><span><strong style=\"font-size: 12pt;\">Der Horizont ist eine Kante <span style=\"font-size: 12pt;\"><strong><br \/>\n<\/strong><\/span><\/strong><span style=\"font-size: 12pt;\">(Auszug)\u00a0<\/span><strong style=\"font-size: 12pt;\"><span style=\"font-size: 12pt;\"><strong><br \/>\n<\/strong><\/span><\/strong><span style=\"font-size: medium;\">in <span style=\"font-size: 12pt;\"><i>Sprache im technischen Zeitalter \u00a0<\/i>Nr. 169, \u00a0<strong style=\"font-size: 12pt;\"><strong><br \/>\n<\/strong><\/strong>Berlin 2004<\/span><\/span><\/span><\/td>\n<td style=\"width: 50%;\"><img decoding=\"async\" loading=\"lazy\" src=\"https:\/\/sigridbehrens.de\/wp-content\/uploads\/2019\/05\/Sprache-im-Zeitalter.jpg\" alt=\"\" width=\"117\" height=\"200\" class=\"alignnone size-full wp-image-255\" \/><\/td>\n<\/tr>\n<tr>\n<td style=\"width: 50%; text-align: left; vertical-align: top;\"><span style=\"font-size: 12pt;\"><strong>Unter Tag<span><strong style=\"font-size: 12pt;\">e<br \/>\n<\/strong><\/span><\/strong>(St\u00fcckabdruck<span>)\u00a0<strong style=\"font-size: 12pt;\"><strong><br \/>\n<\/strong><\/strong><span style=\"font-size: medium;\">in <i><a href=\"https:\/\/saarbrueckerhefte.de\" target=\"_blank\" rel=\"noopener\">Saarbr\u00fccker Hefte<\/a> \u00a0<\/i>Nr. 90, Herbst 2003<\/span><\/span><\/span><\/td>\n<td style=\"width: 50%;\"><\/td>\n<\/tr>\n<tr>\n<td style=\"width: 50%; text-align: left; vertical-align: top;\"><span style=\"font-size: 12pt;\"><strong>Fischen gehen\u00a0<\/strong><i><strong><em><span><strong style=\"font-size: 12pt;\"><br \/>\n<\/strong><\/span><\/em><\/strong><\/i><span style=\"font-size: medium;\">in <a href=\"https:\/\/www.buchfreund.de\/de\/d\/e\/9783861081883\/stint-zeitschrift-fuer-literatur-bremen-nr-33-nov?bookId=89641754\" target=\"_blank\" rel=\"noopener\"><i>STINT\/ Zeitschrift f\u00fcr Literatur \u00a0<\/i>Nr. 33<\/a>, <span>\u00a0<strong style=\"font-size: 12pt;\"><strong><br \/>\n<\/strong><\/strong><\/span>Bremen 2003<\/span><\/span><span style=\"font-size: 12pt;\"> <\/span><\/td>\n<td style=\"width: 50%;\"><\/td>\n<\/tr>\n<tr>\n<td style=\"width: 50%; text-align: left; vertical-align: top;\"><span style=\"font-size: 12pt;\"><strong>Fahrerflucht<i><em><span><strong style=\"font-size: 12pt;\"><br \/>\n<\/strong><\/span><\/em><\/i><\/strong><span style=\"font-size: medium;\">in <i><a href=\"https:\/\/www.dugverlag.de\/produkt.php?isbn=3-935549-12-1\" target=\"_blank\" rel=\"noopener\">Hamburger Ziegel\/ Jahrbuch f\u00fcr Literatur 8<\/a> (2002\/3)<\/i>,<i><span><strong style=\"font-size: 12pt;\"><strong><br \/>\n<\/strong><\/strong><\/span><\/i><\/span><\/span><span style=\"font-size: 12pt;\"><span style=\"font-size: medium;\">Hamburg 2003<\/span><\/span><span style=\"font-size: 12pt;\"><\/span><\/td>\n<td style=\"width: 50%;\"><\/td>\n<\/tr>\n<tr>\n<td style=\"width: 50%; text-align: left; vertical-align: top;\"><span><strong style=\"font-size: 12pt;\">Plakatgedichte <i><em><span><strong style=\"font-size: 12pt;\"><br \/>\n<\/strong><\/span><\/em><\/i><\/strong><span><span style=\"font-size: medium;\">in <\/span><i><a href=\"https:\/\/dugverlag.de\/isbn-3-933374-65-0\" target=\"_blank\" style=\"font-size: medium;\" rel=\"noopener\">Hamburger Ziegel\/ Jahrbuch f\u00fcr Literatur 7<\/a><span style=\"font-size: medium;\"> (2000\/1), <\/span><\/i><span style=\"font-size: medium;\">Verlag D\u00f6lling und Galitz, Hamburg 2001, <\/span><span style=\"font-size: medium;\">sowie<\/span><i style=\"font-size: medium;\"><strong><em><span><strong style=\"font-size: 12pt;\"><br \/>\n<\/strong><\/span><\/em><\/strong>Poetische Sprachspiele. Vom Mittelalter bis zur Gegenwart <strong><em><span><strong style=\"font-size: 12pt;\"><br \/>\n<\/strong><\/span><\/em><\/strong><\/i><span style=\"font-size: medium;\">Hrsg. Klaus Peter Dencker <\/span><i style=\"font-size: medium;\">\u00a0<strong><em><span><strong style=\"font-size: 12pt;\"><br \/>\n<\/strong><\/span><\/em><\/strong><\/i><a href=\"https:\/\/www.reclam.de\/detail\/978-3-15-018238-3\/Poetische_Sprachspiele\" target=\"_blank\" rel=\"noopener noreferrer\" style=\"font-size: medium;\">Reclam Verlag<\/a><span style=\"font-size: medium;\">, Stuttgart 2002<\/span><\/span><\/span><\/td>\n<td style=\"width: 50%; text-align: left; vertical-align: top;\">&nbsp;<\/p>\n<p><img decoding=\"async\" loading=\"lazy\" src=\"https:\/\/sigridbehrens.de\/wp-content\/uploads\/2019\/05\/Sprachspiele.jpg\" alt=\"\" width=\"130\" height=\"199\" class=\"alignnone size-full wp-image-242\" \/><\/td>\n<\/tr>\n<\/tbody>\n<\/table>\n<p>&nbsp;<\/p>\n","protected":false},"excerpt":{"rendered":"<p>Buch bestellen Gute Menschen Minimal Trash Art (MTA), 2022, Hardcover,\u00a0180 Seiten. Eine Frau geht. Sie verl\u00e4sst die jugendlichen Kinder, den loyalen Ehemann, das sch\u00f6ne Haus, das sie \u00fcber Jahre hinweg gestaltet hat, die liebenden Familien und den innig verbundenen Freundeskreis. Sie verl\u00e4sst eine Idylle, sie bricht ins Ungewisse auf. Warum? [&hellip;]<\/p>\n","protected":false},"author":1,"featured_media":123,"parent":0,"menu_order":0,"comment_status":"closed","ping_status":"closed","template":"","meta":[],"_links":{"self":[{"href":"https:\/\/sigridbehrens.de\/index.php?rest_route=\/wp\/v2\/pages\/54"}],"collection":[{"href":"https:\/\/sigridbehrens.de\/index.php?rest_route=\/wp\/v2\/pages"}],"about":[{"href":"https:\/\/sigridbehrens.de\/index.php?rest_route=\/wp\/v2\/types\/page"}],"author":[{"embeddable":true,"href":"https:\/\/sigridbehrens.de\/index.php?rest_route=\/wp\/v2\/users\/1"}],"replies":[{"embeddable":true,"href":"https:\/\/sigridbehrens.de\/index.php?rest_route=%2Fwp%2Fv2%2Fcomments&post=54"}],"version-history":[{"count":109,"href":"https:\/\/sigridbehrens.de\/index.php?rest_route=\/wp\/v2\/pages\/54\/revisions"}],"predecessor-version":[{"id":590,"href":"https:\/\/sigridbehrens.de\/index.php?rest_route=\/wp\/v2\/pages\/54\/revisions\/590"}],"wp:featuredmedia":[{"embeddable":true,"href":"https:\/\/sigridbehrens.de\/index.php?rest_route=\/wp\/v2\/media\/123"}],"wp:attachment":[{"href":"https:\/\/sigridbehrens.de\/index.php?rest_route=%2Fwp%2Fv2%2Fmedia&parent=54"}],"curies":[{"name":"wp","href":"https:\/\/api.w.org\/{rel}","templated":true}]}}