{"id":6,"date":"2019-05-09T09:18:51","date_gmt":"2019-05-09T09:18:51","guid":{"rendered":"http:\/\/sigridbehrens.de\/?page_id=6"},"modified":"2026-02-23T07:13:00","modified_gmt":"2026-02-23T07:13:00","slug":"preise-stipendien","status":"publish","type":"page","link":"https:\/\/sigridbehrens.de\/?page_id=6","title":{"rendered":"Auszeichnungen"},"content":{"rendered":"<p><span style=\"font-size: 12pt;\"><\/span><\/p>\r\n<p><span style=\"font-size: 12pt;\"><strong>2026 \u00a0 <\/strong>Aufnahme in den St\u00fccke-Pool des Autoren:innenwettbewerb \u00abKaas&amp;Kappes\u00bb (WORTE MACHEN)<strong> \u00a0 \u00a02025 \u00a0 <\/strong>Shortlist f\u00fcr das Carl-Zuckmayer-Arbeitsstipendium des Staatstheaters Mainz (MALACHIT)\u00a0<strong>\u00a0 \u00a0 <\/strong><strong>2024 \u00a0 \u00a0<\/strong>\u00abNah&#8216; Dran!\u00bb-Stipendium des Kinder- und Jugendtheaterzentrums und des Deutschen Literaturfonds (WORTE MACHEN) <strong>\u00a0 \u00a0 2023 \u00a0 \u00a0<\/strong>Nominierung (Shortlist) f\u00fcr den Hamburger Literaturpreis, Kategorie \u00abBuch des Jahres\u00bb (GUTE MENSCHEN) <strong>\u00a0 \u00a0 2022 \u00a0 \u00a0<\/strong>\u00abextensiv initiativ\u00bb-F\u00f6rderung des Deutschen \u00dcbersetzerfonds (Luisa Campanile: DAS PROJEKT)<strong>\u00a0 \u00a0 2021 \u00a0 \u00a0<\/strong>\u00abextensiv initiativ\u00bb-F\u00f6rderung des Deutschen \u00dcbersetzerfonds (Marcel Pagnol: JAZZ) \/\/ Hamburger Zukunftsstipendium f\u00fcr Literatur (UNSERE MAGISCHE PHASE) <strong>\u00a0 \u00a0 2020<\/strong>\u00a0 \u00a0 Aufnahme in den St\u00fccke-Pool des Autoren:innenwettbewerb \u00abKaas&amp;Kappes\u00bb (LOCH MOCH) \u00a0 \u00a0<strong>2019 \u00a0 \u00a0<\/strong>\u00abNah&#8216; Dran!\u00bb-Stipendium des Kinder- und Jugendtheaterzentrums und des Deutschen Literaturfonds (LOCH MOCH) <strong>\u00a0 \u00a0 2018 \u00a0 \u00a0<\/strong><\/span><span style=\"font-size: 12pt;\">Nominierung f\u00fcr den M\u00fclheimer KinderSt\u00fcckePreis (ANFALL UND ENTE) \u00a0 \u00a0 <\/span><span style=\"font-size: 12pt;\"><strong>2017<\/strong><\/span><span style=\"font-size: 12pt;\">\u00a0 \u00a0 Nominierung f\u00fcr den Autorenpreis des Heidelberger St\u00fcckemarkts (ANFALL UND ENTE) \u00a0 \u00a0<\/span><span style=\"font-size: 12pt;\"><strong>2015<\/strong><\/span><span style=\"font-size: 12pt;\">\u00a0 \u00a0 \u00abNah&#8216; Dran!\u00bb-Stipendium des Kinder- und Jugendtheaterzentrums und des Deutschen Literaturfonds (ANFALL UND ENTE) \u00a0 \u00a0 <\/span><span style=\"font-size: 12pt;\"><strong>2014<\/strong><\/span><span style=\"font-size: 12pt;\">\u00a0 \u00a0 F\u00f6rderpreis f\u00fcr Literatur der Freien und Hansestadt Hamburg (DORLE J\u00dcNGER NIMMT ANLAUF UND STEHT) \u00a0 \u00a0<\/span><span style=\"font-size: 12pt;\"><strong>2011<\/strong><\/span><span style=\"font-size: 12pt;\">\u00a0 \u00a0 Finalistin des 5. Literaturwettbewerbs Wartholz (H\u00d6RENSAGEN) \u00a0 \u00a0<\/span><span style=\"font-size: 12pt;\"><strong>2010 \u00a0 \u00a0<\/strong><\/span><span style=\"font-size: 12pt;\">Einladung zur H\u00f6rspielwerkstatt \u00abGANZ OHR\u00bb des Deutschen Literaturfonds in Zusammenarbeit mit dem NDR Hamburg und der Akademie Wolfenb\u00fcttel (HAUSTORIEN) \u00a0 \u00a0<\/span><span style=\"font-size: 12pt;\"><strong>2008<\/strong><\/span><span style=\"font-size: 12pt;\">\u00a0 \u00a0 Arbeitsstipendium der Caf\u00e9 Royal Kulturstiftung (H\u00d6RENSAGEN) \u00a0 \u00a0<\/span><span style=\"font-size: 12pt;\"><strong>2007 \u00a0 \u00a0<\/strong><\/span><span style=\"font-size: 12pt;\">Leonard-Frank-Preis des Main-Franken-Theaters W\u00fcrzburg (UNTER TAGE) \/\/<\/span><span style=\"font-size: 12pt;\"> Aufenthaltsstipendium des Berliner Senats am Literarischen Colloquium Berlin \u00a0 \u00a0<\/span><span style=\"font-size: 12pt;\"><strong>2006 \u00a0 \u00a0<\/strong><\/span><span style=\"font-size: 12pt;\">Autorenwerkstatt der J\u00fcrgen Ponto-Stiftung (DISKRETE MOMENTE) \/\/<\/span><span style=\"font-size: 12pt;\">\u00a0Tage der deutschsprachigen Literatur\/Ingeborg-Bachmann-Wettbewerb\u00a0(DISKRETE MOMENTE) \/\/<\/span><span style=\"font-size: 12pt;\"> Ligerzer Opernwerkstatt \u00a0 \u00a0<\/span><span style=\"font-size: 12pt;\"><strong>2004<\/strong><\/span><span style=\"font-size: 12pt;\">\u00a0 \u00a0 Dramatiker-Workshop Berliner Theatertreffen (PAARWEISEN) \/\/<\/span><span style=\"font-size: 12pt;\">\u00a0Werkstatt der Europ\u00e4ischen Theaterbiennale am Staatstheater Wiesbaden\/Schauspiel Frankfurt \/\/<\/span><span style=\"font-size: 12pt;\"> 38. Internationales Theaterfestival BITEF\/Belgrad \u00a0 \u00a0<\/span><span style=\"font-size: 12pt;\"><strong>2003<\/strong><\/span><span style=\"font-size: 12pt;\">\u00a0 \u00a0 Wochenende der Jungen Dramatiker an den M\u00fcnchner Kammerspielen (UNTER TAGE) \u00a0\/\/<\/span><span style=\"font-size: 12pt;\">\u00a0Preis der Saarbr\u00fccker Zeitung (Autorentheatertage am Staatstheater Saarbr\u00fccken (UNTER TAGE)) \/\/\u00a0<\/span><span style=\"font-size: 12pt;\">\u00a0Stipendiatin des 7. Klagenfurter Literaturkurses (FRAU SIMON) \/\/<\/span><span style=\"font-size: 12pt;\"> Stipendiatin der Autorenwerkstatt Prosa des Literarischen Colloquiums Berlin (DER HORIZONT IST EINE KANTE) \u00a0 \u00a0 <\/span><span style=\"font-size: 12pt;\"><strong>2002<\/strong><\/span><span style=\"font-size: 12pt;\"><em>\u00a0 \u00a0 <\/em>F\u00f6rderpreis f\u00fcr Literatur der Freien und Hansestadt Hamburg (FRAU SIMON) \/\/<\/span><span style=\"font-size: 12pt;\"> 1. Publikumspreis bei der Hamburger-Ziegel-Nacht (FAHRERFLUCHT) \u00a0 \u00a0<\/span><span style=\"font-size: 12pt;\"><strong>2001<\/strong><\/span><span style=\"font-size: 12pt;\"><em>\u00a0 \u00a0 <\/em>Autorentheatertage am Thalia Theater Hamburg (RAPPORT)<\/span><\/p>\r\n<p><span style=\"font-size: 12pt;\">\r\n\r\n<\/span><\/p>\r\n<p><span style=\"font-size: 12pt;\">\r\n\r\n<\/span><\/p>\r\n<p><span style=\"font-size: 12pt;\">\r\n\r\n<\/span><\/p>\r\n<p><span style=\"font-size: 12pt;\">\r\n\r\n<\/span><\/p>\r\n<p><span style=\"font-size: 12pt;\">\r\n\r\n<\/span><\/p>\r\n<p><span style=\"font-size: 12pt;\">\r\n\r\n<\/span><\/p>\r\n<p><span style=\"font-size: 12pt;\">\r\n\r\n<\/span><\/p>\r\n<p><span style=\"font-size: 12pt;\">\r\n\r\n<\/span><\/p>\r\n<p><span style=\"font-size: 12pt;\">\r\n\r\n<\/span><\/p>\r\n<p><span style=\"font-size: 12pt;\">\r\n\r\n<\/span><\/p>\r\n<p><span style=\"font-size: 12pt;\">\r\n\r\n<\/span><\/p>\r\n<p><span style=\"font-size: 12pt;\">\r\n\r\n<\/span><\/p>\r\n<p><span style=\"font-size: 12pt;\">\r\n\r\n<\/span><\/p>\r\n<p><span style=\"font-size: 12pt;\">\r\n\r\n<\/span><\/p>\r\n<p><span style=\"font-size: 12pt;\">\r\n\r\n<\/span><\/p>\r\n<p><span style=\"font-size: 12pt;\">\r\n\r\n<\/span><\/p>\r\n<p><span style=\"font-size: 12pt;\">\r\n\r\n<\/span><\/p>\r\n<p><span style=\"font-size: 12pt;\">\r\n\r\n<\/span><\/p>\r\n<p><span style=\"font-size: 12pt;\">\r\n\r\n<\/span><\/p>\r\n<p><span style=\"font-size: 12pt;\">\r\n\r\n<\/span><\/p>\r\n<p><span style=\"font-size: 12pt;\">\r\n\r\n<\/span><\/p>\r\n<p><span style=\"font-size: 12pt;\">\r\n\r\n<\/span><\/p>\r\n<p><span style=\"font-size: 12pt;\">\r\n\r\n<\/span><\/p>\r\n<p><span style=\"font-size: 12pt;\">\r\n\r\n<\/span><\/p>\r\n<p><span style=\"font-size: 12pt;\">\r\n\r\n<\/span><\/p>\r\n<p><span style=\"font-size: 12pt;\">\r\n\r\n<\/span><\/p>\r\n<p><span style=\"font-size: 12pt;\">\r\n\r\n<\/span><\/p>\r\n<p><span style=\"font-size: 12pt;\">\r\n\r\n<\/span><\/p>\r\n<p><span style=\"font-size: 12pt;\">\r\n\r\n<\/span><\/p>\r\n<p><span style=\"font-size: 12pt;\">\r\n\r\n<\/span><\/p>\r\n<p><span style=\"font-size: 12pt;\">\r\n\r\n<\/span><\/p>\r\n<p><span style=\"font-size: 12pt;\">\r\n\r\n<\/span><\/p>\r\n<p><span style=\"font-size: 12pt;\">\r\n\r\n<\/span><\/p>\r\n<p><span style=\"font-size: 12pt;\">\r\n\r\n<\/span><\/p>\r\n<p><span style=\"font-size: 12pt;\"><\/span><\/p>","protected":false},"excerpt":{"rendered":"<p>2026 \u00a0 Aufnahme in den St\u00fccke-Pool des Autoren:innenwettbewerb \u00abKaas&amp;Kappes\u00bb (WORTE MACHEN) \u00a0 \u00a02025 \u00a0 Shortlist f\u00fcr das Carl-Zuckmayer-Arbeitsstipendium des Staatstheaters Mainz (MALACHIT)\u00a0\u00a0 \u00a0 2024 \u00a0 \u00a0\u00abNah&#8216; Dran!\u00bb-Stipendium des Kinder- und Jugendtheaterzentrums und des Deutschen Literaturfonds (WORTE MACHEN) \u00a0 \u00a0 2023 \u00a0 \u00a0Nominierung (Shortlist) f\u00fcr den Hamburger Literaturpreis, Kategorie \u00abBuch des [&hellip;]<\/p>\n","protected":false},"author":1,"featured_media":228,"parent":0,"menu_order":0,"comment_status":"closed","ping_status":"closed","template":"","meta":[],"_links":{"self":[{"href":"https:\/\/sigridbehrens.de\/index.php?rest_route=\/wp\/v2\/pages\/6"}],"collection":[{"href":"https:\/\/sigridbehrens.de\/index.php?rest_route=\/wp\/v2\/pages"}],"about":[{"href":"https:\/\/sigridbehrens.de\/index.php?rest_route=\/wp\/v2\/types\/page"}],"author":[{"embeddable":true,"href":"https:\/\/sigridbehrens.de\/index.php?rest_route=\/wp\/v2\/users\/1"}],"replies":[{"embeddable":true,"href":"https:\/\/sigridbehrens.de\/index.php?rest_route=%2Fwp%2Fv2%2Fcomments&post=6"}],"version-history":[{"count":25,"href":"https:\/\/sigridbehrens.de\/index.php?rest_route=\/wp\/v2\/pages\/6\/revisions"}],"predecessor-version":[{"id":657,"href":"https:\/\/sigridbehrens.de\/index.php?rest_route=\/wp\/v2\/pages\/6\/revisions\/657"}],"wp:featuredmedia":[{"embeddable":true,"href":"https:\/\/sigridbehrens.de\/index.php?rest_route=\/wp\/v2\/media\/228"}],"wp:attachment":[{"href":"https:\/\/sigridbehrens.de\/index.php?rest_route=%2Fwp%2Fv2%2Fmedia&parent=6"}],"curies":[{"name":"wp","href":"https:\/\/api.w.org\/{rel}","templated":true}]}}