{"id":8,"date":"2019-05-09T09:19:44","date_gmt":"2019-05-09T09:19:44","guid":{"rendered":"http:\/\/sigridbehrens.de\/?page_id=8"},"modified":"2026-02-12T10:43:19","modified_gmt":"2026-02-12T10:43:19","slug":"kurzvita","status":"publish","type":"page","link":"https:\/\/sigridbehrens.de\/?page_id=8","title":{"rendered":"Vita"},"content":{"rendered":"<p><span style=\"font-size: 12pt;\">\r\n\r\n<\/span><\/p>\r\n<p><span style=\"font-size: 12pt;\">Sigrid Behrens, geboren 1976 in Hamburg, ist als Tochter einer Franz\u00f6sin und eines Deutschen zweisprachig aufgewachsen. Sie studierte Kunst, Germanistik und Erziehungswissenschaften in Hamburg und Genf und lebt heute als Autorin und Dramatikerin mit dem Schriftsteller <a href=\"http:\/\/www.michaelweins.de\" target=\"_blank\" rel=\"noopener\">Michael Weins<\/a> und ihren gemeinsamen Kindern in Hamburg. Die Rechte f\u00fcr die Mehrzahl ihrer B\u00fchnenwerke liegen beim <a href=\"http:\/\/www.dreimaskenverlag.de\">Drei Masken Verlag<\/a>, f\u00fcr den sie auch regelm\u00e4\u00dfig St\u00fccke aus dem Franz\u00f6sischen ins Deutsche \u00fcbertr\u00e4gt. 2007 deb\u00fctierte sie im <a href=\"http:\/\/hanser-literaturverlage.de\">Carl Hanser Verlag<\/a> mit \u00ab<a href=\"https:\/\/www.perlentaucher.de\/buch\/sigrid-behrens\/diskrete-momente.html\" target=\"_blank\" rel=\"noopener\">Diskrete Momente<\/a>\u00bb; 2022 erschien im <a href=\"https:\/\/www.minimaltrashart.de\" target=\"_blank\" rel=\"noopener\">Verlag mta<\/a> der Roman \u00ab<a href=\"https:\/\/www.minimaltrashart.de\/sigrid-behrens-gute-menschen\/\" target=\"_blank\" rel=\"noopener\">Gute Menschen<\/a>\u00bb. Ihre Prosa-Texte werden von der Agentur <a href=\"https:\/\/www.langenbuch-weiss.de\" target=\"_blank\" rel=\"noopener\">Langenbuch&amp;Wei\u00df<\/a> vertreten. Sie ist Mitglied im <a href=\"https:\/\/www.forum-hamburger-autoren.de\">Forum Hamburger Autorinnen und Autoren<\/a>\u00a0sowie im <a href=\"https:\/\/www.vthea.de\" target=\"_blank\" rel=\"noopener\">Verband der Theaterautor:innen (VTheA)<\/a>\u00a0und bei <a href=\"https:\/\/www.drama-panorama.com\" target=\"_blank\" rel=\"noopener\">Drama Panorama<\/a>.<\/span><\/p>\r\n<p><span style=\"font-size: 12pt;\">Neben der Schreibt\u00e4tigkeit bietet Sigrid Behrens seit 2006 Kurse f\u00fcr kreatives Schreiben an, etwa im Rahmen der Begabtenf\u00f6rderung des <a href=\"https:\/\/li.hamburg.de\/fortbildung\/themen-aufgabengebiete\/besondere-begabung\" target=\"_blank\" rel=\"noopener\">Hamburger Landesinstituts <\/a>oder beim Projekt \u00ab<a href=\"https:\/\/schulhausroman.literaturhaus-hamburg.de\" target=\"_blank\" rel=\"noopener\">Schulhausroman<\/a>\u00bb, am <a href=\"https:\/\/www.literaturhaus-hamburg.de\/junges-literaturhaus\/\" target=\"_blank\" rel=\"noopener\">Jungen Literaturhaus<\/a> oder im <a href=\"https:\/\/www.literaturhaus-hamburg.de\/veranstaltungen\/kinderbilder-neu-erzaehlt-2026-03-18\/\" target=\"_blank\" rel=\"noopener\">Bucerius Kunst Forum Hamburg<\/a><a href=\"https:\/\/www.hamburger-kunsthalle.de\/de\/kurse-workshops\" target=\"_blank\" rel=\"noopener\">. <\/a>F\u00fcr <a href=\"https:\/\/www.calm.com\/de\/sleep\" target=\"_blank\" rel=\"noopener\">Calm <\/a>entstehen seit 2022 regelm\u00e4\u00dfig neue Schlafgeschichten. <\/span><\/p>\r\n<p>&nbsp;<\/p>\r\n<p><span style=\"font-size: 12pt;\">\r\n\r\n\r\n\r\n<\/span><\/p>\r\n<p><span style=\"font-size: 12pt;\"><\/span><\/p>","protected":false},"excerpt":{"rendered":"<p>Sigrid Behrens, geboren 1976 in Hamburg, ist als Tochter einer Franz\u00f6sin und eines Deutschen zweisprachig aufgewachsen. Sie studierte Kunst, Germanistik und Erziehungswissenschaften in Hamburg und Genf und lebt heute als Autorin und Dramatikerin mit dem Schriftsteller Michael Weins und ihren gemeinsamen Kindern in Hamburg. Die Rechte f\u00fcr die Mehrzahl ihrer [&hellip;]<\/p>\n","protected":false},"author":1,"featured_media":227,"parent":0,"menu_order":0,"comment_status":"closed","ping_status":"closed","template":"","meta":[],"_links":{"self":[{"href":"https:\/\/sigridbehrens.de\/index.php?rest_route=\/wp\/v2\/pages\/8"}],"collection":[{"href":"https:\/\/sigridbehrens.de\/index.php?rest_route=\/wp\/v2\/pages"}],"about":[{"href":"https:\/\/sigridbehrens.de\/index.php?rest_route=\/wp\/v2\/types\/page"}],"author":[{"embeddable":true,"href":"https:\/\/sigridbehrens.de\/index.php?rest_route=\/wp\/v2\/users\/1"}],"replies":[{"embeddable":true,"href":"https:\/\/sigridbehrens.de\/index.php?rest_route=%2Fwp%2Fv2%2Fcomments&post=8"}],"version-history":[{"count":21,"href":"https:\/\/sigridbehrens.de\/index.php?rest_route=\/wp\/v2\/pages\/8\/revisions"}],"predecessor-version":[{"id":644,"href":"https:\/\/sigridbehrens.de\/index.php?rest_route=\/wp\/v2\/pages\/8\/revisions\/644"}],"wp:featuredmedia":[{"embeddable":true,"href":"https:\/\/sigridbehrens.de\/index.php?rest_route=\/wp\/v2\/media\/227"}],"wp:attachment":[{"href":"https:\/\/sigridbehrens.de\/index.php?rest_route=%2Fwp%2Fv2%2Fmedia&parent=8"}],"curies":[{"name":"wp","href":"https:\/\/api.w.org\/{rel}","templated":true}]}}